{"id":7717,"date":"2024-05-30T17:54:37","date_gmt":"2024-05-30T21:54:37","guid":{"rendered":"https:\/\/ultratrailcanada.com\/?post_type=product&#038;p=7717"},"modified":"2025-07-19T09:01:57","modified_gmt":"2025-07-19T13:01:57","slug":"casquette-trucker-technique-edition-2024","status":"publish","type":"product","link":"https:\/\/ultratrailcanada.com\/en\/product\/casquette-trucker-technique-edition-2024\/","title":{"rendered":"Casquette &#8221; trucker &#8221; technique (\u00c9dition 2024)"},"content":{"rendered":"<p>Attention : Disponible en \u00e9dition tr\u00e8s limit\u00e9e. Chaque achat aide \u00e0 soutenir le Qu\u00e9bec Mega Trail !<\/p>\n","protected":false},"excerpt":{"rendered":"<p><span style=\"font-weight: 400;\">Une casquette de \u00ab trucker \u00bb combinant le look et l\u2019attitude d\u2019une casquette de camionneur classique, fait de mat\u00e9riaux \u00ab techniques \u00bb et performants.<\/span><\/p>\n<ul>\n<li style=\"font-weight: 400;\" aria-level=\"1\"><span style=\"font-weight: 400;\">Avant en mati\u00e8re tiss\u00e9e performante<\/span><\/li>\n<li style=\"font-weight: 400;\" aria-level=\"1\"><span style=\"font-weight: 400;\">Bandeau anti-transpiration interne<\/span><\/li>\n<li style=\"font-weight: 400;\" aria-level=\"1\"><span style=\"font-weight: 400;\">Panneaux avant structur\u00e9s<\/span><\/li>\n<li style=\"font-weight: 400;\" aria-level=\"1\"><span style=\"font-weight: 400;\">Panneaux lat\u00e9raux et arri\u00e8re en mesh<\/span><\/li>\n<li style=\"font-weight: 400;\" aria-level=\"1\"><span style=\"font-weight: 400;\">Fermeture \u00e0 pression en plastique r\u00e9glable<\/span><\/li>\n<li style=\"font-weight: 400;\" aria-level=\"1\"><span style=\"font-weight: 400;\">Bec courb\u00e9<\/span><\/li>\n<\/ul>\n<p><span style=\"font-weight: 400;\">Lavez-la \u00e0 la main ou prenez-le sous la douche apr\u00e8s votre entra\u00eenement.<\/span><\/p>\n","protected":false},"featured_media":7800,"template":"","meta":{"_acf_changed":false},"product_brand":[],"product_cat":[21,25,23,24,22],"product_tag":[],"class_list":{"0":"post-7717","1":"product","2":"type-product","3":"status-publish","4":"has-post-thumbnail","6":"product_cat-accessoires","7":"product_cat-editions-anterieures","8":"product_cat-femmes","9":"product_cat-hommes","10":"product_cat-vetements","12":"first","13":"instock","14":"sale","15":"taxable","16":"shipping-taxable","17":"purchasable","18":"product-type-simple"},"acf":[],"yoast_head":"<!-- This site is optimized with the Yoast SEO plugin v27.3 - https:\/\/yoast.com\/product\/yoast-seo-wordpress\/ -->\n<title>Casquette &#039;&#039; trucker &#039;&#039; technique (\u00c9dition 2024) - Qu\u00e9bec Mega Trail<\/title>\n<meta name=\"robots\" content=\"index, follow, max-snippet:-1, max-image-preview:large, max-video-preview:-1\" \/>\n<link rel=\"canonical\" href=\"https:\/\/ultratrailcanada.com\/en\/product\/casquette-trucker-technique-edition-2024\/\" \/>\n<meta property=\"og:locale\" content=\"en_US\" \/>\n<meta property=\"og:type\" content=\"article\" \/>\n<meta property=\"og:title\" content=\"Casquette &#039;&#039; trucker &#039;&#039; technique (\u00c9dition 2024) - Qu\u00e9bec Mega Trail\" \/>\n<meta property=\"og:description\" content=\"Une casquette de \u00ab trucker \u00bb combinant le look et l\u2019attitude d\u2019une casquette de camionneur classique, fait de mat\u00e9riaux \u00ab techniques \u00bb et performants.   Avant en mati\u00e8re tiss\u00e9e performante  Bandeau anti-transpiration interne  Panneaux avant structur\u00e9s  Panneaux lat\u00e9raux et arri\u00e8re en mesh  Fermeture \u00e0 pression en plastique r\u00e9glable  Bec courb\u00e9  Lavez-la \u00e0 la main ou prenez-le sous la douche apr\u00e8s votre entra\u00eenement.\" \/>\n<meta property=\"og:url\" content=\"https:\/\/ultratrailcanada.com\/en\/product\/casquette-trucker-technique-edition-2024\/\" \/>\n<meta property=\"og:site_name\" content=\"Qu\u00e9bec Mega Trail\" \/>\n<meta property=\"article:modified_time\" content=\"2025-07-19T13:01:57+00:00\" \/>\n<meta property=\"og:image\" content=\"https:\/\/ultratrailcanada.com\/wp-content\/uploads\/2024\/05\/Casquette-trucket-hat-QMT-2024-merch.jpg\" \/>\n\t<meta property=\"og:image:width\" content=\"1080\" \/>\n\t<meta property=\"og:image:height\" content=\"1080\" \/>\n\t<meta property=\"og:image:type\" content=\"image\/jpeg\" \/>\n<meta name=\"twitter:card\" content=\"summary_large_image\" \/>\n<meta name=\"twitter:label1\" content=\"Est. reading time\" \/>\n\t<meta name=\"twitter:data1\" content=\"1 minute\" \/>\n<script type=\"application\/ld+json\" class=\"yoast-schema-graph\">{\"@context\":\"https:\\\/\\\/schema.org\",\"@graph\":[{\"@type\":\"WebPage\",\"@id\":\"https:\\\/\\\/ultratrailcanada.com\\\/en\\\/product\\\/casquette-trucker-technique-edition-2024\\\/\",\"url\":\"https:\\\/\\\/ultratrailcanada.com\\\/en\\\/product\\\/casquette-trucker-technique-edition-2024\\\/\",\"name\":\"Casquette '' trucker '' technique (\u00c9dition 2024) - Qu\u00e9bec Mega Trail\",\"isPartOf\":{\"@id\":\"https:\\\/\\\/ultratrailcanada.com\\\/en\\\/#website\"},\"primaryImageOfPage\":{\"@id\":\"https:\\\/\\\/ultratrailcanada.com\\\/en\\\/product\\\/casquette-trucker-technique-edition-2024\\\/#primaryimage\"},\"image\":{\"@id\":\"https:\\\/\\\/ultratrailcanada.com\\\/en\\\/product\\\/casquette-trucker-technique-edition-2024\\\/#primaryimage\"},\"thumbnailUrl\":\"https:\\\/\\\/ultratrailcanada.com\\\/wp-content\\\/uploads\\\/2024\\\/05\\\/Casquette-trucket-hat-QMT-2024-merch.jpg.2.webp\",\"datePublished\":\"2024-05-30T21:54:37+00:00\",\"dateModified\":\"2025-07-19T13:01:57+00:00\",\"breadcrumb\":{\"@id\":\"https:\\\/\\\/ultratrailcanada.com\\\/en\\\/product\\\/casquette-trucker-technique-edition-2024\\\/#breadcrumb\"},\"inLanguage\":\"en-US\",\"potentialAction\":[{\"@type\":\"ReadAction\",\"target\":[\"https:\\\/\\\/ultratrailcanada.com\\\/en\\\/product\\\/casquette-trucker-technique-edition-2024\\\/\"]}]},{\"@type\":\"ImageObject\",\"inLanguage\":\"en-US\",\"@id\":\"https:\\\/\\\/ultratrailcanada.com\\\/en\\\/product\\\/casquette-trucker-technique-edition-2024\\\/#primaryimage\",\"url\":\"https:\\\/\\\/ultratrailcanada.com\\\/wp-content\\\/uploads\\\/2024\\\/05\\\/Casquette-trucket-hat-QMT-2024-merch.jpg.2.webp\",\"contentUrl\":\"https:\\\/\\\/ultratrailcanada.com\\\/wp-content\\\/uploads\\\/2024\\\/05\\\/Casquette-trucket-hat-QMT-2024-merch.jpg.2.webp\",\"width\":1080,\"height\":1080},{\"@type\":\"BreadcrumbList\",\"@id\":\"https:\\\/\\\/ultratrailcanada.com\\\/en\\\/product\\\/casquette-trucker-technique-edition-2024\\\/#breadcrumb\",\"itemListElement\":[{\"@type\":\"ListItem\",\"position\":1,\"name\":\"Shop\",\"item\":\"https:\\\/\\\/ultratrailcanada.com\\\/en\\\/shop\\\/\"},{\"@type\":\"ListItem\",\"position\":2,\"name\":\"Casquette \u00a0\u00bb trucker \u00a0\u00bb technique (\u00c9dition 2024)\"}]},{\"@type\":\"WebSite\",\"@id\":\"https:\\\/\\\/ultratrailcanada.com\\\/en\\\/#website\",\"url\":\"https:\\\/\\\/ultratrailcanada.com\\\/en\\\/\",\"name\":\"Qu\u00e9bec Mega Trail\",\"description\":\"Le QMT est l\u2019une des plus belles courses d\u2019ultra trail au Canada\",\"potentialAction\":[{\"@type\":\"SearchAction\",\"target\":{\"@type\":\"EntryPoint\",\"urlTemplate\":\"https:\\\/\\\/ultratrailcanada.com\\\/en\\\/?s={search_term_string}\"},\"query-input\":{\"@type\":\"PropertyValueSpecification\",\"valueRequired\":true,\"valueName\":\"search_term_string\"}}],\"inLanguage\":\"en-US\"}]}<\/script>\n<!-- \/ Yoast SEO plugin. -->","yoast_head_json":{"title":"Casquette '' trucker '' technique (\u00c9dition 2024) - Qu\u00e9bec Mega Trail","robots":{"index":"index","follow":"follow","max-snippet":"max-snippet:-1","max-image-preview":"max-image-preview:large","max-video-preview":"max-video-preview:-1"},"canonical":"https:\/\/ultratrailcanada.com\/en\/product\/casquette-trucker-technique-edition-2024\/","og_locale":"en_US","og_type":"article","og_title":"Casquette '' trucker '' technique (\u00c9dition 2024) - Qu\u00e9bec Mega Trail","og_description":"Une casquette de \u00ab trucker \u00bb combinant le look et l\u2019attitude d\u2019une casquette de camionneur classique, fait de mat\u00e9riaux \u00ab techniques \u00bb et performants.   Avant en mati\u00e8re tiss\u00e9e performante  Bandeau anti-transpiration interne  Panneaux avant structur\u00e9s  Panneaux lat\u00e9raux et arri\u00e8re en mesh  Fermeture \u00e0 pression en plastique r\u00e9glable  Bec courb\u00e9  Lavez-la \u00e0 la main ou prenez-le sous la douche apr\u00e8s votre entra\u00eenement.","og_url":"https:\/\/ultratrailcanada.com\/en\/product\/casquette-trucker-technique-edition-2024\/","og_site_name":"Qu\u00e9bec Mega Trail","article_modified_time":"2025-07-19T13:01:57+00:00","og_image":[{"width":1080,"height":1080,"url":"https:\/\/ultratrailcanada.com\/wp-content\/uploads\/2024\/05\/Casquette-trucket-hat-QMT-2024-merch.jpg","type":"image\/jpeg"}],"twitter_card":"summary_large_image","twitter_misc":{"Est. reading time":"1 minute"},"schema":{"@context":"https:\/\/schema.org","@graph":[{"@type":"WebPage","@id":"https:\/\/ultratrailcanada.com\/en\/product\/casquette-trucker-technique-edition-2024\/","url":"https:\/\/ultratrailcanada.com\/en\/product\/casquette-trucker-technique-edition-2024\/","name":"Casquette '' trucker '' technique (\u00c9dition 2024) - Qu\u00e9bec Mega Trail","isPartOf":{"@id":"https:\/\/ultratrailcanada.com\/en\/#website"},"primaryImageOfPage":{"@id":"https:\/\/ultratrailcanada.com\/en\/product\/casquette-trucker-technique-edition-2024\/#primaryimage"},"image":{"@id":"https:\/\/ultratrailcanada.com\/en\/product\/casquette-trucker-technique-edition-2024\/#primaryimage"},"thumbnailUrl":"https:\/\/ultratrailcanada.com\/wp-content\/uploads\/2024\/05\/Casquette-trucket-hat-QMT-2024-merch.jpg.2.webp","datePublished":"2024-05-30T21:54:37+00:00","dateModified":"2025-07-19T13:01:57+00:00","breadcrumb":{"@id":"https:\/\/ultratrailcanada.com\/en\/product\/casquette-trucker-technique-edition-2024\/#breadcrumb"},"inLanguage":"en-US","potentialAction":[{"@type":"ReadAction","target":["https:\/\/ultratrailcanada.com\/en\/product\/casquette-trucker-technique-edition-2024\/"]}]},{"@type":"ImageObject","inLanguage":"en-US","@id":"https:\/\/ultratrailcanada.com\/en\/product\/casquette-trucker-technique-edition-2024\/#primaryimage","url":"https:\/\/ultratrailcanada.com\/wp-content\/uploads\/2024\/05\/Casquette-trucket-hat-QMT-2024-merch.jpg.2.webp","contentUrl":"https:\/\/ultratrailcanada.com\/wp-content\/uploads\/2024\/05\/Casquette-trucket-hat-QMT-2024-merch.jpg.2.webp","width":1080,"height":1080},{"@type":"BreadcrumbList","@id":"https:\/\/ultratrailcanada.com\/en\/product\/casquette-trucker-technique-edition-2024\/#breadcrumb","itemListElement":[{"@type":"ListItem","position":1,"name":"Shop","item":"https:\/\/ultratrailcanada.com\/en\/shop\/"},{"@type":"ListItem","position":2,"name":"Casquette \u00a0\u00bb trucker \u00a0\u00bb technique (\u00c9dition 2024)"}]},{"@type":"WebSite","@id":"https:\/\/ultratrailcanada.com\/en\/#website","url":"https:\/\/ultratrailcanada.com\/en\/","name":"Qu\u00e9bec Mega Trail","description":"Le QMT est l\u2019une des plus belles courses d\u2019ultra trail au Canada","potentialAction":[{"@type":"SearchAction","target":{"@type":"EntryPoint","urlTemplate":"https:\/\/ultratrailcanada.com\/en\/?s={search_term_string}"},"query-input":{"@type":"PropertyValueSpecification","valueRequired":true,"valueName":"search_term_string"}}],"inLanguage":"en-US"}]}},"_links":{"self":[{"href":"https:\/\/ultratrailcanada.com\/en\/wp-json\/wp\/v2\/product\/7717","targetHints":{"allow":["GET"]}}],"collection":[{"href":"https:\/\/ultratrailcanada.com\/en\/wp-json\/wp\/v2\/product"}],"about":[{"href":"https:\/\/ultratrailcanada.com\/en\/wp-json\/wp\/v2\/types\/product"}],"wp:featuredmedia":[{"embeddable":true,"href":"https:\/\/ultratrailcanada.com\/en\/wp-json\/wp\/v2\/media\/7800"}],"wp:attachment":[{"href":"https:\/\/ultratrailcanada.com\/en\/wp-json\/wp\/v2\/media?parent=7717"}],"wp:term":[{"taxonomy":"product_brand","embeddable":true,"href":"https:\/\/ultratrailcanada.com\/en\/wp-json\/wp\/v2\/product_brand?post=7717"},{"taxonomy":"product_cat","embeddable":true,"href":"https:\/\/ultratrailcanada.com\/en\/wp-json\/wp\/v2\/product_cat?post=7717"},{"taxonomy":"product_tag","embeddable":true,"href":"https:\/\/ultratrailcanada.com\/en\/wp-json\/wp\/v2\/product_tag?post=7717"}],"curies":[{"name":"wp","href":"https:\/\/api.w.org\/{rel}","templated":true}]}}